{"id":8634,"date":"2026-02-16T21:04:18","date_gmt":"2026-02-17T02:04:18","guid":{"rendered":"https:\/\/vickycharris.com\/?page_id=8634"},"modified":"2026-03-25T00:05:27","modified_gmt":"2026-03-25T05:05:27","slug":"academico","status":"publish","type":"page","link":"https:\/\/vickycharris.com\/en\/academico\/","title":{"rendered":"Acad\u00e9mico"},"content":{"rendered":"<div data-elementor-type=\"wp-page\" data-elementor-id=\"8634\" class=\"elementor elementor-8634\" data-elementor-post-type=\"page\">\n\t\t\t\t\t\t<section class=\"elementor-section elementor-top-section elementor-element elementor-element-33e62c3 elementor-section-boxed elementor-section-height-default elementor-section-height-default\" data-id=\"33e62c3\" data-element_type=\"section\" data-e-type=\"section\">\n\t\t\t\t\t\t<div class=\"elementor-container elementor-column-gap-default\">\n\t\t\t\t\t<div class=\"elementor-column elementor-col-100 elementor-top-column elementor-element elementor-element-b8d08b6\" data-id=\"b8d08b6\" data-element_type=\"column\" data-e-type=\"column\">\n\t\t\t<div class=\"elementor-widget-wrap elementor-element-populated\">\n\t\t\t\t\t\t<div class=\"elementor-element elementor-element-69af844 elementor-widget elementor-widget-heading\" data-id=\"69af844\" data-element_type=\"widget\" data-e-type=\"widget\" data-widget_type=\"heading.default\">\n\t\t\t\t<div class=\"elementor-widget-container\">\n\t\t\t\t\t<h2 class=\"elementor-heading-title elementor-size-default\">Conoce la agenda acad\u00e9mica<\/h2>\t\t\t\t<\/div>\n\t\t\t\t<\/div>\n\t\t\t\t<section class=\"elementor-section elementor-inner-section elementor-element elementor-element-ee1b30b elementor-section-boxed elementor-section-height-default elementor-section-height-default\" data-id=\"ee1b30b\" data-element_type=\"section\" data-e-type=\"section\">\n\t\t\t\t\t\t<div class=\"elementor-container elementor-column-gap-default\">\n\t\t\t\t\t<div class=\"elementor-column elementor-col-50 elementor-inner-column elementor-element elementor-element-5f98baf\" data-id=\"5f98baf\" data-element_type=\"column\" data-e-type=\"column\">\n\t\t\t<div class=\"elementor-widget-wrap elementor-element-populated\">\n\t\t\t\t\t\t<div class=\"elementor-element elementor-element-cf9d61d elementor-widget elementor-widget-image\" data-id=\"cf9d61d\" data-element_type=\"widget\" data-e-type=\"widget\" data-widget_type=\"image.default\">\n\t\t\t\t<div class=\"elementor-widget-container\">\n\t\t\t\t\t\t\t\t\t\t\t\t\t\t\t<img fetchpriority=\"high\" decoding=\"async\" width=\"800\" height=\"800\" src=\"https:\/\/vickycharris.com\/wp-content\/uploads\/2026\/03\/BOOTCAMP-DE-ORTODONCIA-1080-x-1080-px-1024x1024.png\" class=\"attachment-large size-large wp-image-15668\" alt=\"\" srcset=\"https:\/\/vickycharris.com\/wp-content\/uploads\/2026\/03\/BOOTCAMP-DE-ORTODONCIA-1080-x-1080-px-1024x1024.png 1024w, https:\/\/vickycharris.com\/wp-content\/uploads\/2026\/03\/BOOTCAMP-DE-ORTODONCIA-1080-x-1080-px-300x300.png 300w, https:\/\/vickycharris.com\/wp-content\/uploads\/2026\/03\/BOOTCAMP-DE-ORTODONCIA-1080-x-1080-px-150x150.png 150w, https:\/\/vickycharris.com\/wp-content\/uploads\/2026\/03\/BOOTCAMP-DE-ORTODONCIA-1080-x-1080-px-768x768.png 768w, https:\/\/vickycharris.com\/wp-content\/uploads\/2026\/03\/BOOTCAMP-DE-ORTODONCIA-1080-x-1080-px-12x12.png 12w, https:\/\/vickycharris.com\/wp-content\/uploads\/2026\/03\/BOOTCAMP-DE-ORTODONCIA-1080-x-1080-px.png 1080w\" sizes=\"(max-width: 800px) 100vw, 800px\" \/>\t\t\t\t\t\t\t\t\t\t\t\t\t\t\t<\/div>\n\t\t\t\t<\/div>\n\t\t\t\t\t<\/div>\n\t\t<\/div>\n\t\t\t\t<div class=\"elementor-column elementor-col-50 elementor-inner-column elementor-element elementor-element-1c1f3e5\" data-id=\"1c1f3e5\" data-element_type=\"column\" data-e-type=\"column\">\n\t\t\t<div class=\"elementor-widget-wrap elementor-element-populated\">\n\t\t\t\t\t\t<div class=\"elementor-element elementor-element-d426b5c elementor-hidden-tablet elementor-hidden-mobile elementor-widget elementor-widget-spacer\" data-id=\"d426b5c\" data-element_type=\"widget\" data-e-type=\"widget\" data-widget_type=\"spacer.default\">\n\t\t\t\t<div class=\"elementor-widget-container\">\n\t\t\t\t\t\t\t<div class=\"elementor-spacer\">\n\t\t\t<div class=\"elementor-spacer-inner\"><\/div>\n\t\t<\/div>\n\t\t\t\t\t\t<\/div>\n\t\t\t\t<\/div>\n\t\t\t\t<div class=\"elementor-element elementor-element-9d83cba elementor-widget elementor-widget-heading\" data-id=\"9d83cba\" data-element_type=\"widget\" data-e-type=\"widget\" data-widget_type=\"heading.default\">\n\t\t\t\t<div class=\"elementor-widget-container\">\n\t\t\t\t\t<h2 class=\"elementor-heading-title elementor-size-default\">Mayo 2026<\/h2>\t\t\t\t<\/div>\n\t\t\t\t<\/div>\n\t\t\t\t<div class=\"elementor-element elementor-element-e7729e8 elementor-widget elementor-widget-text-editor\" data-id=\"e7729e8\" data-element_type=\"widget\" data-e-type=\"widget\" data-widget_type=\"text-editor.default\">\n\t\t\t\t<div class=\"elementor-widget-container\">\n\t\t\t\t\t\t\t\t\t<p><strong><span style=\"white-space-collapse: preserve; color: #3daad2;\">BOOTCAMP DE ORTODONCIA FUNCIONAL CON ALINEADORES<\/span><\/strong><\/p><p><span style=\"white-space-collapse: preserve;\">Transforma tu forma de hacer ortodoncia con alineadores dentales desde un enfoque funcional.<br \/>Aprender\u00e1s a dominar conceptos craneomandibulares, diagn\u00f3sticos est\u00e1ticos y funcionales, reposici\u00f3n mandibular, control del plano oclusal y estrategias biomec\u00e1nicas avanzadas para tratar maloclusiones con mayor precisi\u00f3n y efectividad.<\/span><\/p><p><span style=\"white-space-collapse: preserve; color: #3daad2;\"><strong>CUPOS LIMITADOS \u2014 RESERVA TU LUGAR Y DESCUBRE UNA EXPERIENCIA QUE REVOLUCIONAR\u00c1 TU PR\u00c1CTICA CL\u00cdNICA.<\/strong><\/span><\/p>\t\t\t\t\t\t\t\t<\/div>\n\t\t\t\t<\/div>\n\t\t\t\t<div class=\"elementor-element elementor-element-0a2a0ad elementor-widget elementor-widget-button\" data-id=\"0a2a0ad\" data-element_type=\"widget\" data-e-type=\"widget\" data-widget_type=\"button.default\">\n\t\t\t\t<div class=\"elementor-widget-container\">\n\t\t\t\t\t\t\t\t\t<div class=\"elementor-button-wrapper\">\n\t\t\t\t\t<a class=\"elementor-button elementor-button-link elementor-size-sm\" href=\"https:\/\/api.whatsapp.com\/send?phone=+573232758200&#038;text=Hola%20doctora%20Vicky%20Charris,%20vi%20un%20historia%20en%20Instagram%20y%20quisiera%20saber%20m%C3%A1s%20informaci%C3%B3n%20sobre%20el%20Bootcamp%20de%20Ortodoncia%20funcional%20con%20alineadores\" target=\"_blank\">\n\t\t\t\t\t\t<span class=\"elementor-button-content-wrapper\">\n\t\t\t\t\t\t\t\t\t<span class=\"elementor-button-text\">Obt\u00e9n m\u00e1s informaci\u00f3n<\/span>\n\t\t\t\t\t<\/span>\n\t\t\t\t\t<\/a>\n\t\t\t\t<\/div>\n\t\t\t\t\t\t\t\t<\/div>\n\t\t\t\t<\/div>\n\t\t\t\t\t<\/div>\n\t\t<\/div>\n\t\t\t\t\t<\/div>\n\t\t<\/section>\n\t\t\t\t\t<\/div>\n\t\t<\/div>\n\t\t\t\t\t<\/div>\n\t\t<\/section>\n\t\t\t\t<section class=\"elementor-section elementor-top-section elementor-element elementor-element-3112496 elementor-section-boxed elementor-section-height-default elementor-section-height-default\" data-id=\"3112496\" data-element_type=\"section\" data-e-type=\"section\">\n\t\t\t\t\t\t<div class=\"elementor-container elementor-column-gap-default\">\n\t\t\t\t\t<div class=\"elementor-column elementor-col-100 elementor-top-column elementor-element elementor-element-c1c808f\" data-id=\"c1c808f\" data-element_type=\"column\" data-e-type=\"column\">\n\t\t\t<div class=\"elementor-widget-wrap\">\n\t\t\t\t\t\t\t<\/div>\n\t\t<\/div>\n\t\t\t\t\t<\/div>\n\t\t<\/section>\n\t\t\t\t<\/div>","protected":false},"excerpt":{"rendered":"<p>Conoce la agenda acad\u00e9mica Mayo 2026 BOOTCAMP DE ORTODONCIA FUNCIONAL CON ALINEADORES Transforma tu forma de hacer ortodoncia con alineadores dentales desde un enfoque funcional.Aprender\u00e1s a dominar conceptos craneomandibulares, diagn\u00f3sticos est\u00e1ticos y funcionales, reposici\u00f3n mandibular, control del plano oclusal y estrategias biomec\u00e1nicas avanzadas para tratar maloclusiones con mayor precisi\u00f3n y efectividad. CUPOS LIMITADOS \u2014 RESERVA [&hellip;]<\/p>\n","protected":false},"author":1,"featured_media":0,"parent":0,"menu_order":2,"comment_status":"closed","ping_status":"closed","template":"","meta":{"_joinchat":[],"footnotes":""},"class_list":["post-8634","page","type-page","status-publish","hentry"],"_links":{"self":[{"href":"https:\/\/vickycharris.com\/en\/wp-json\/wp\/v2\/pages\/8634","targetHints":{"allow":["GET"]}}],"collection":[{"href":"https:\/\/vickycharris.com\/en\/wp-json\/wp\/v2\/pages"}],"about":[{"href":"https:\/\/vickycharris.com\/en\/wp-json\/wp\/v2\/types\/page"}],"author":[{"embeddable":true,"href":"https:\/\/vickycharris.com\/en\/wp-json\/wp\/v2\/users\/1"}],"replies":[{"embeddable":true,"href":"https:\/\/vickycharris.com\/en\/wp-json\/wp\/v2\/comments?post=8634"}],"version-history":[{"count":16,"href":"https:\/\/vickycharris.com\/en\/wp-json\/wp\/v2\/pages\/8634\/revisions"}],"predecessor-version":[{"id":15671,"href":"https:\/\/vickycharris.com\/en\/wp-json\/wp\/v2\/pages\/8634\/revisions\/15671"}],"wp:attachment":[{"href":"https:\/\/vickycharris.com\/en\/wp-json\/wp\/v2\/media?parent=8634"}],"curies":[{"name":"wp","href":"https:\/\/api.w.org\/{rel}","templated":true}]}}