{"id":3,"date":"2020-03-03T23:22:29","date_gmt":"2020-03-03T23:22:29","guid":{"rendered":"https:\/\/vickycharris.com\/?page_id=3"},"modified":"2026-02-27T20:19:09","modified_gmt":"2026-02-28T01:19:09","slug":"politica-privacidad","status":"publish","type":"page","link":"https:\/\/vickycharris.com\/en\/politica-privacidad\/","title":{"rendered":"Pol\u00edticas de Privacidad"},"content":{"rendered":"<div data-elementor-type=\"wp-page\" data-elementor-id=\"3\" class=\"elementor elementor-3\" data-elementor-post-type=\"page\">\n\t\t\t\t\t\t<section class=\"elementor-section elementor-top-section elementor-element elementor-element-51c3ea78 elementor-section-boxed elementor-section-height-default elementor-section-height-default\" data-id=\"51c3ea78\" data-element_type=\"section\" data-e-type=\"section\">\n\t\t\t\t\t\t<div class=\"elementor-container elementor-column-gap-default\">\n\t\t\t\t\t<div class=\"elementor-column elementor-col-100 elementor-top-column elementor-element elementor-element-1fb43f48\" data-id=\"1fb43f48\" data-element_type=\"column\" data-e-type=\"column\">\n\t\t\t<div class=\"elementor-widget-wrap elementor-element-populated\">\n\t\t\t\t\t\t<div class=\"elementor-element elementor-element-73652f6 elementor-widget elementor-widget-spacer\" data-id=\"73652f6\" data-element_type=\"widget\" data-e-type=\"widget\" data-widget_type=\"spacer.default\">\n\t\t\t\t<div class=\"elementor-widget-container\">\n\t\t\t\t\t\t\t<div class=\"elementor-spacer\">\n\t\t\t<div class=\"elementor-spacer-inner\"><\/div>\n\t\t<\/div>\n\t\t\t\t\t\t<\/div>\n\t\t\t\t<\/div>\n\t\t\t\t<div class=\"elementor-element elementor-element-eacd6a6 elementor-widget elementor-widget-heading\" data-id=\"eacd6a6\" data-element_type=\"widget\" data-e-type=\"widget\" data-widget_type=\"heading.default\">\n\t\t\t\t<div class=\"elementor-widget-container\">\n\t\t\t\t\t<h2 class=\"elementor-heading-title elementor-size-default\">Pol\u00edtica de tratamiento de datos y privacidad<\/h2>\t\t\t\t<\/div>\n\t\t\t\t<\/div>\n\t\t\t\t<div class=\"elementor-element elementor-element-196fd3ae elementor-widget elementor-widget-text-editor\" data-id=\"196fd3ae\" data-element_type=\"widget\" data-e-type=\"widget\" data-widget_type=\"text-editor.default\">\n\t\t\t\t<div class=\"elementor-widget-container\">\n\t\t\t\t\t\t\t\t\t<p>En Vicky Charris la privacidad de nuestros visitantes es de suma importancia. En esta pol\u00edtica te explicamos c\u00f3mo recopilamos, utilizamos y protegemos tu informaci\u00f3n personal conforme a la legislaci\u00f3n vigente.<\/p><p>1. Responsable del tratamiento<\/p><ul><li><p><strong>Nombre<\/strong>: Vicky Charris<\/p><\/li><li><p><strong>Sitio web<\/strong>:\u00a0<a href=\"https:\/\/vickycharris.com\/en\/\" target=\"_blank\" rel=\"nofollow noopener\">www.vickycharris.com<\/a><\/p><\/li><li><p><strong>Correo electr\u00f3nico de contacto<\/strong>: info@vickycharris.com<\/p><\/li><\/ul><p>2. Datos que recopilamos<\/p><p>Recopilamos y tratamos los siguientes datos personales:<\/p><ul><li><p>Nombre, correo electr\u00f3nico y cualquier informaci\u00f3n proporcionada voluntariamente a trav\u00e9s de nuestros formularios de contacto.<\/p><\/li><li><p>Datos t\u00e9cnicos como direcci\u00f3n IP, tipo de navegador y p\u00e1ginas visitadas, recopilados mediante cookies (consulta nuestra Pol\u00edtica de Cookies para m\u00e1s detalles).<\/p><\/li><\/ul><p>3. Finalidad del tratamiento<\/p><p>La informaci\u00f3n se recopila para:<\/p><ul><li><p>Responder consultas realizadas a trav\u00e9s de nuestro formulario de contacto.<\/p><\/li><li><p>Mejorar la experiencia de usuario y el contenido de nuestro sitio.<\/p><\/li><li><p>Cumplir con obligaciones legales.<\/p><\/li><\/ul><p>4. Base legal del tratamiento<\/p><p>El tratamiento de los datos se basa en el consentimiento del usuario al utilizar nuestro sitio o enviar informaci\u00f3n a trav\u00e9s de formularios.<\/p><p>5. Destinatarios<\/p><p>No vendemos ni compartimos tus datos personales con terceros, salvo obligaci\u00f3n legal o para la gesti\u00f3n del sitio web mediante proveedores que nos prestan servicios t\u00e9cnicos (por ejemplo, hosting, an\u00e1lisis web).<\/p><p>6. Conservaci\u00f3n de los datos<\/p><p>Tus datos se conservar\u00e1n \u00fanicamente durante el tiempo necesario para cumplir con las finalidades descritas o durante los plazos requeridos por la ley.<\/p><p>7. Derechos de los usuarios<\/p><p>Puedes ejercer tus derechos de acceso, rectificaci\u00f3n, supresi\u00f3n, limitaci\u00f3n, oposici\u00f3n y portabilidad escribiendo a nuestro email de contacto. Tienes derecho a retirar tu consentimiento en cualquier momento, as\u00ed como a reclamar ante la autoridad de control si lo consideras necesario.<\/p><p>8. Seguridad<\/p><p>Implementamos medidas t\u00e9cnicas y organizativas para proteger tus datos personales y evitar su alteraci\u00f3n, p\u00e9rdida, tratamiento o acceso no autorizado.<\/p><p>9. Cambios en esta Pol\u00edtica<\/p><p>Nos reservamos el derecho a modificar esta pol\u00edtica para adaptarla a novedades legislativas o cambios en nuestro sitio web. Te recomendamos revisarla peri\u00f3dicamente.<\/p><p><!-- \/wp:heading --><\/p>\t\t\t\t\t\t\t\t<\/div>\n\t\t\t\t<\/div>\n\t\t\t\t\t<\/div>\n\t\t<\/div>\n\t\t\t\t\t<\/div>\n\t\t<\/section>\n\t\t\t\t<\/div>","protected":false},"excerpt":{"rendered":"<p>Pol\u00edtica de tratamiento de datos y privacidad En Vicky Charris la privacidad de nuestros visitantes es de suma importancia. En esta pol\u00edtica te explicamos c\u00f3mo recopilamos, utilizamos y protegemos tu informaci\u00f3n personal conforme a la legislaci\u00f3n vigente. 1. Responsable del tratamiento Nombre: Vicky Charris Sitio web:\u00a0www.vickycharris.com Correo electr\u00f3nico de contacto: info@vickycharris.com 2. Datos que recopilamos [&hellip;]<\/p>\n","protected":false},"author":1,"featured_media":0,"parent":0,"menu_order":12,"comment_status":"closed","ping_status":"open","template":"","meta":{"_joinchat":[],"footnotes":""},"class_list":["post-3","page","type-page","status-publish","hentry"],"_links":{"self":[{"href":"https:\/\/vickycharris.com\/en\/wp-json\/wp\/v2\/pages\/3","targetHints":{"allow":["GET"]}}],"collection":[{"href":"https:\/\/vickycharris.com\/en\/wp-json\/wp\/v2\/pages"}],"about":[{"href":"https:\/\/vickycharris.com\/en\/wp-json\/wp\/v2\/types\/page"}],"author":[{"embeddable":true,"href":"https:\/\/vickycharris.com\/en\/wp-json\/wp\/v2\/users\/1"}],"replies":[{"embeddable":true,"href":"https:\/\/vickycharris.com\/en\/wp-json\/wp\/v2\/comments?post=3"}],"version-history":[{"count":15,"href":"https:\/\/vickycharris.com\/en\/wp-json\/wp\/v2\/pages\/3\/revisions"}],"predecessor-version":[{"id":15626,"href":"https:\/\/vickycharris.com\/en\/wp-json\/wp\/v2\/pages\/3\/revisions\/15626"}],"wp:attachment":[{"href":"https:\/\/vickycharris.com\/en\/wp-json\/wp\/v2\/media?parent=3"}],"curies":[{"name":"wp","href":"https:\/\/api.w.org\/{rel}","templated":true}]}}