{"id":15,"date":"2020-03-06T00:40:13","date_gmt":"2020-03-06T00:40:13","guid":{"rendered":"https:\/\/vickycharris.com\/?page_id=15"},"modified":"2026-04-11T02:15:23","modified_gmt":"2026-04-11T07:15:23","slug":"contacto","status":"publish","type":"page","link":"https:\/\/vickycharris.com\/en\/contacto\/","title":{"rendered":"Contact"},"content":{"rendered":"<div data-elementor-type=\"wp-page\" data-elementor-id=\"15\" class=\"elementor elementor-15\" data-elementor-post-type=\"page\">\n\t\t\t\t\t\t<section class=\"elementor-section elementor-top-section elementor-element elementor-element-292daf5 elementor-section-boxed elementor-section-height-default elementor-section-height-default elementor-invisible\" data-id=\"292daf5\" data-element_type=\"section\" data-e-type=\"section\" data-settings=\"{&quot;animation&quot;:&quot;fadeInLeft&quot;}\">\n\t\t\t\t\t\t<div class=\"elementor-container elementor-column-gap-default\">\n\t\t\t\t\t<div class=\"elementor-column elementor-col-50 elementor-top-column elementor-element elementor-element-0d2e575\" data-id=\"0d2e575\" data-element_type=\"column\" data-e-type=\"column\">\n\t\t\t<div class=\"elementor-widget-wrap elementor-element-populated\">\n\t\t\t\t\t\t<div class=\"elementor-element elementor-element-c4569e4 elementor-widget elementor-widget-image\" data-id=\"c4569e4\" data-element_type=\"widget\" data-e-type=\"widget\" data-widget_type=\"image.default\">\n\t\t\t\t<div class=\"elementor-widget-container\">\n\t\t\t\t\t\t\t\t\t\t\t\t\t\t\t<img fetchpriority=\"high\" decoding=\"async\" width=\"768\" height=\"512\" src=\"https:\/\/vickycharris.com\/wp-content\/uploads\/2026\/04\/FXT30575-768x512.jpg\" class=\"attachment-medium_large size-medium_large wp-image-15874\" alt=\"\" srcset=\"https:\/\/vickycharris.com\/wp-content\/uploads\/2026\/04\/FXT30575-768x512.jpg 768w, https:\/\/vickycharris.com\/wp-content\/uploads\/2026\/04\/FXT30575-300x200.jpg 300w, https:\/\/vickycharris.com\/wp-content\/uploads\/2026\/04\/FXT30575-1024x683.jpg 1024w, https:\/\/vickycharris.com\/wp-content\/uploads\/2026\/04\/FXT30575-1536x1024.jpg 1536w, https:\/\/vickycharris.com\/wp-content\/uploads\/2026\/04\/FXT30575-2048x1365.jpg 2048w, https:\/\/vickycharris.com\/wp-content\/uploads\/2026\/04\/FXT30575-18x12.jpg 18w\" sizes=\"(max-width: 768px) 100vw, 768px\" \/>\t\t\t\t\t\t\t\t\t\t\t\t\t\t\t<\/div>\n\t\t\t\t<\/div>\n\t\t\t\t\t<\/div>\n\t\t<\/div>\n\t\t\t\t<div class=\"elementor-column elementor-col-50 elementor-top-column elementor-element elementor-element-3b30c4f\" data-id=\"3b30c4f\" data-element_type=\"column\" data-e-type=\"column\">\n\t\t\t<div class=\"elementor-widget-wrap elementor-element-populated\">\n\t\t\t\t\t\t<div class=\"elementor-element elementor-element-9ad55a3 elementor-widget elementor-widget-heading\" data-id=\"9ad55a3\" data-element_type=\"widget\" data-e-type=\"widget\" data-widget_type=\"heading.default\">\n\t\t\t\t<div class=\"elementor-widget-container\">\n\t\t\t\t\t<h2 class=\"elementor-heading-title elementor-size-default\"><b>\u00a1Agenda tu consulta!<\/b><\/h2>\t\t\t\t<\/div>\n\t\t\t\t<\/div>\n\t\t\t\t<div class=\"elementor-element elementor-element-6488f73 elementor-widget elementor-widget-text-editor\" data-id=\"6488f73\" data-element_type=\"widget\" data-e-type=\"widget\" data-widget_type=\"text-editor.default\">\n\t\t\t\t<div class=\"elementor-widget-container\">\n\t\t\t\t\t\t\t\t\t<p style=\"text-align: center;\">Write me by WhatsApp to number <a href=\"https:\/\/api.whatsapp.com\/send?phone=573232758200&amp;text=Buen%20d%C3%ADa,%20quiero%20agendar%20cita\">323 275 8200<\/a>, or to email <u><a href=\"mailto:info@vickycharris.com\">info@vickycharris.com<\/a><\/u> and schedule your appointment.<\/p>\t\t\t\t\t\t\t\t<\/div>\n\t\t\t\t<\/div>\n\t\t\t\t<div class=\"elementor-element elementor-element-06266e7 elementor-align-center elementor-invisible elementor-widget elementor-widget-button\" data-id=\"06266e7\" data-element_type=\"widget\" data-e-type=\"widget\" data-settings=\"{&quot;_animation&quot;:&quot;fadeInDown&quot;}\" data-widget_type=\"button.default\">\n\t\t\t\t<div class=\"elementor-widget-container\">\n\t\t\t\t\t\t\t\t\t<div class=\"elementor-button-wrapper\">\n\t\t\t\t\t<a class=\"elementor-button elementor-button-link elementor-size-sm\" href=\"https:\/\/api.whatsapp.com\/send?phone=573232758200&#038;text=Buen%20d%C3%ADa,%20quiero%20agendar%20cita\">\n\t\t\t\t\t\t<span class=\"elementor-button-content-wrapper\">\n\t\t\t\t\t\t<span class=\"elementor-button-icon\">\n\t\t\t\t<i aria-hidden=\"true\" class=\"fab fa-whatsapp\"><\/i>\t\t\t<\/span>\n\t\t\t\t\t\t\t\t\t<span class=\"elementor-button-text\">Escr\u00edbeme<\/span>\n\t\t\t\t\t<\/span>\n\t\t\t\t\t<\/a>\n\t\t\t\t<\/div>\n\t\t\t\t\t\t\t\t<\/div>\n\t\t\t\t<\/div>\n\t\t\t\t\t<\/div>\n\t\t<\/div>\n\t\t\t\t\t<\/div>\n\t\t<\/section>\n\t\t\t\t<section class=\"elementor-section elementor-top-section elementor-element elementor-element-99d5965 elementor-section-height-min-height elementor-section-boxed elementor-section-height-default elementor-section-items-middle\" data-id=\"99d5965\" data-element_type=\"section\" data-e-type=\"section\" data-settings=\"{&quot;background_background&quot;:&quot;classic&quot;}\">\n\t\t\t\t\t\t\t<div class=\"elementor-background-overlay\"><\/div>\n\t\t\t\t\t\t\t<div class=\"elementor-container elementor-column-gap-default\">\n\t\t\t\t\t<div class=\"elementor-column elementor-col-100 elementor-top-column elementor-element elementor-element-f5689c0\" data-id=\"f5689c0\" data-element_type=\"column\" data-e-type=\"column\">\n\t\t\t<div class=\"elementor-widget-wrap elementor-element-populated\">\n\t\t\t\t\t\t<div class=\"elementor-element elementor-element-789081b elementor-widget elementor-widget-heading\" data-id=\"789081b\" data-element_type=\"widget\" data-e-type=\"widget\" data-widget_type=\"heading.default\">\n\t\t\t\t<div class=\"elementor-widget-container\">\n\t\t\t\t\t<h2 class=\"elementor-heading-title elementor-size-default\">Where do we meet?<\/h2>\t\t\t\t<\/div>\n\t\t\t\t<\/div>\n\t\t\t\t<section class=\"elementor-section elementor-inner-section elementor-element elementor-element-bc58ef7 elementor-section-height-min-height elementor-section-boxed elementor-section-height-default\" data-id=\"bc58ef7\" data-element_type=\"section\" data-e-type=\"section\">\n\t\t\t\t\t\t<div class=\"elementor-container elementor-column-gap-default\">\n\t\t\t\t\t<div class=\"elementor-column elementor-col-33 elementor-inner-column elementor-element elementor-element-cbb2170\" data-id=\"cbb2170\" data-element_type=\"column\" data-e-type=\"column\">\n\t\t\t<div class=\"elementor-widget-wrap elementor-element-populated\">\n\t\t\t\t\t\t<div class=\"elementor-element elementor-element-c3894da elementor-view-default elementor-widget elementor-widget-icon\" data-id=\"c3894da\" data-element_type=\"widget\" data-e-type=\"widget\" data-widget_type=\"icon.default\">\n\t\t\t\t<div class=\"elementor-widget-container\">\n\t\t\t\t\t\t\t<div class=\"elementor-icon-wrapper\">\n\t\t\t<div class=\"elementor-icon\">\n\t\t\t<i aria-hidden=\"true\" class=\"fas fa-map-marker-alt\"><\/i>\t\t\t<\/div>\n\t\t<\/div>\n\t\t\t\t\t\t<\/div>\n\t\t\t\t<\/div>\n\t\t\t\t<div class=\"elementor-element elementor-element-d162865 elementor-widget elementor-widget-text-editor\" data-id=\"d162865\" data-element_type=\"widget\" data-e-type=\"widget\" data-widget_type=\"text-editor.default\">\n\t\t\t\t<div class=\"elementor-widget-container\">\n\t\t\t\t\t\t\t\t\t<p style=\"text-align: center;\"><span style=\"color: #999999;\">Direcci\u00f3n<\/span><span style=\"color: #999999;\">: <br \/><\/span><strong><span style=\"color: #3daad2;\"><a style=\"color: #3daad2; text-decoration: underline;\" href=\"https:\/\/www.google.com\/maps\/dir\/\/Dra.+Vicky+Charris+-+Ortodoncia+-+Bogot%C3%A1+Edificio+Nippon+Center+Cra.+13a+%2389-38+Piso+2+Consultorio+214+Bogot%C3%A1\/@4.6733636,-74.0516887,18z\/data=!4m5!4m4!1m0!1m2!1m1!1s0x8e3f9aed10655fcb:0x5d7b8b8e149bf630\" target=\"_blank\" rel=\"noopener\">Carrera 13a # 89-38 Edificio Nippon Center, Consultorio 214 &#8211; Bogot\u00e1, Colombia<\/a><\/span><\/strong><\/p>\t\t\t\t\t\t\t\t<\/div>\n\t\t\t\t<\/div>\n\t\t\t\t\t<\/div>\n\t\t<\/div>\n\t\t\t\t<div class=\"elementor-column elementor-col-33 elementor-inner-column elementor-element elementor-element-891f75c\" data-id=\"891f75c\" data-element_type=\"column\" data-e-type=\"column\" data-settings=\"{&quot;background_background&quot;:&quot;classic&quot;}\">\n\t\t\t<div class=\"elementor-widget-wrap elementor-element-populated\">\n\t\t\t\t\t\t<div class=\"elementor-element elementor-element-31d302e elementor-view-default elementor-widget elementor-widget-icon\" data-id=\"31d302e\" data-element_type=\"widget\" data-e-type=\"widget\" data-widget_type=\"icon.default\">\n\t\t\t\t<div class=\"elementor-widget-container\">\n\t\t\t\t\t\t\t<div class=\"elementor-icon-wrapper\">\n\t\t\t<div class=\"elementor-icon\">\n\t\t\t<i aria-hidden=\"true\" class=\"fab fa-whatsapp\"><\/i>\t\t\t<\/div>\n\t\t<\/div>\n\t\t\t\t\t\t<\/div>\n\t\t\t\t<\/div>\n\t\t\t\t<div class=\"elementor-element elementor-element-3a3a4c1 elementor-widget elementor-widget-text-editor\" data-id=\"3a3a4c1\" data-element_type=\"widget\" data-e-type=\"widget\" data-widget_type=\"text-editor.default\">\n\t\t\t\t<div class=\"elementor-widget-container\">\n\t\t\t\t\t\t\t\t\t<p style=\"text-align: center;\"><span style=\"color: #ffffff; font-size: 1rem;\">WhatsApp:<\/span><\/p><p style=\"text-align: center;\"><span style=\"color: #ffffff;\"><strong style=\"font-size: 1rem;\"><a style=\"color: #ffffff;\" href=\"https:\/\/api.whatsapp.com\/send?phone=573232758200&amp;text=%C2%A1Me%20encantar%C3%ADa%20agendar%20una%20cita%20con%20la%20doctora%20Vicky%20Charris!\" target=\"_blank\" rel=\"noopener\">+57 323 275 8200<\/a><\/strong><\/span><\/p>\t\t\t\t\t\t\t\t<\/div>\n\t\t\t\t<\/div>\n\t\t\t\t\t<\/div>\n\t\t<\/div>\n\t\t\t\t<div class=\"elementor-column elementor-col-33 elementor-inner-column elementor-element elementor-element-8f7cdf0\" data-id=\"8f7cdf0\" data-element_type=\"column\" data-e-type=\"column\">\n\t\t\t<div class=\"elementor-widget-wrap elementor-element-populated\">\n\t\t\t\t\t\t<div class=\"elementor-element elementor-element-a14fb0a elementor-view-default elementor-widget elementor-widget-icon\" data-id=\"a14fb0a\" data-element_type=\"widget\" data-e-type=\"widget\" data-widget_type=\"icon.default\">\n\t\t\t\t<div class=\"elementor-widget-container\">\n\t\t\t\t\t\t\t<div class=\"elementor-icon-wrapper\">\n\t\t\t<div class=\"elementor-icon\">\n\t\t\t<i aria-hidden=\"true\" class=\"fas fa-phone-alt\"><\/i>\t\t\t<\/div>\n\t\t<\/div>\n\t\t\t\t\t\t<\/div>\n\t\t\t\t<\/div>\n\t\t\t\t<div class=\"elementor-element elementor-element-f9a59c3 elementor-widget elementor-widget-text-editor\" data-id=\"f9a59c3\" data-element_type=\"widget\" data-e-type=\"widget\" data-widget_type=\"text-editor.default\">\n\t\t\t\t<div class=\"elementor-widget-container\">\n\t\t\t\t\t\t\t\t\t<p style=\"text-align: center;\"><span style=\"color: #808080;\">Tel\u00e9fono:<\/span><\/p><p style=\"text-align: center;\"><span style=\"color: #808080;\"><strong><span style=\"text-decoration: underline; color: #3daad2;\"><a style=\"color: #3daad2; text-decoration: underline;\" href=\"tel:+576016109788\" target=\"_blank\" rel=\"noopener\">+57 (601) 610 9788<\/a><\/span><\/strong><\/span><\/p>\t\t\t\t\t\t\t\t<\/div>\n\t\t\t\t<\/div>\n\t\t\t\t\t<\/div>\n\t\t<\/div>\n\t\t\t\t\t<\/div>\n\t\t<\/section>\n\t\t\t\t<div class=\"elementor-element elementor-element-ef06ece elementor-widget elementor-widget-spacer\" data-id=\"ef06ece\" data-element_type=\"widget\" data-e-type=\"widget\" data-widget_type=\"spacer.default\">\n\t\t\t\t<div class=\"elementor-widget-container\">\n\t\t\t\t\t\t\t<div class=\"elementor-spacer\">\n\t\t\t<div class=\"elementor-spacer-inner\"><\/div>\n\t\t<\/div>\n\t\t\t\t\t\t<\/div>\n\t\t\t\t<\/div>\n\t\t\t\t<div class=\"elementor-element elementor-element-53e47f4 elementor-widget elementor-widget-google_maps\" data-id=\"53e47f4\" data-element_type=\"widget\" data-e-type=\"widget\" data-widget_type=\"google_maps.default\">\n\t\t\t\t<div class=\"elementor-widget-container\">\n\t\t\t\t\t\t\t<div class=\"elementor-custom-embed\">\n\t\t\t<iframe loading=\"lazy\"\n\t\t\t\t\tsrc=\"https:\/\/maps.google.com\/maps?q=Vicky%20Charris&#038;t=m&#038;z=17&#038;output=embed&#038;iwloc=near\"\n\t\t\t\t\ttitle=\"Vicky Charris\"\n\t\t\t\t\taria-label=\"Vicky Charris\"\n\t\t\t><\/iframe>\n\t\t<\/div>\n\t\t\t\t\t\t<\/div>\n\t\t\t\t<\/div>\n\t\t\t\t\t<\/div>\n\t\t<\/div>\n\t\t\t\t\t<\/div>\n\t\t<\/section>\n\t\t\t\t<\/div>","protected":false},"excerpt":{"rendered":"<p>\u00a1Agenda tu consulta! Escr\u00edbeme por WhatsApp al n\u00famero 323 275 8200, o al correo info@vickycharris.com y agenda tu cita Escr\u00edbeme \u00bfD\u00f3nde nos encontramos? Direcci\u00f3n: Carrera 13a # 89-38 Edificio Nippon Center, Consultorio 214 &#8211; Bogot\u00e1, Colombia WhatsApp: +57 323 275 8200 Tel\u00e9fono: +57 (601) 610 9788<\/p>","protected":false},"author":1,"featured_media":0,"parent":0,"menu_order":5,"comment_status":"closed","ping_status":"open","template":"","meta":{"_joinchat":[],"footnotes":""},"class_list":["post-15","page","type-page","status-publish","hentry"],"_links":{"self":[{"href":"https:\/\/vickycharris.com\/en\/wp-json\/wp\/v2\/pages\/15","targetHints":{"allow":["GET"]}}],"collection":[{"href":"https:\/\/vickycharris.com\/en\/wp-json\/wp\/v2\/pages"}],"about":[{"href":"https:\/\/vickycharris.com\/en\/wp-json\/wp\/v2\/types\/page"}],"author":[{"embeddable":true,"href":"https:\/\/vickycharris.com\/en\/wp-json\/wp\/v2\/users\/1"}],"replies":[{"embeddable":true,"href":"https:\/\/vickycharris.com\/en\/wp-json\/wp\/v2\/comments?post=15"}],"version-history":[{"count":98,"href":"https:\/\/vickycharris.com\/en\/wp-json\/wp\/v2\/pages\/15\/revisions"}],"predecessor-version":[{"id":15904,"href":"https:\/\/vickycharris.com\/en\/wp-json\/wp\/v2\/pages\/15\/revisions\/15904"}],"wp:attachment":[{"href":"https:\/\/vickycharris.com\/en\/wp-json\/wp\/v2\/media?parent=15"}],"curies":[{"name":"wp","href":"https:\/\/api.w.org\/{rel}","templated":true}]}}