{"id":11,"date":"2020-03-06T00:38:04","date_gmt":"2020-03-06T05:38:04","guid":{"rendered":"https:\/\/vickycharris.com\/?page_id=11"},"modified":"2026-02-27T20:30:05","modified_gmt":"2026-02-28T01:30:05","slug":"doctora-vicky-charris","status":"publish","type":"page","link":"https:\/\/vickycharris.com\/en\/doctora-vicky-charris\/","title":{"rendered":"Sobre m\u00ed"},"content":{"rendered":"<div data-elementor-type=\"wp-page\" data-elementor-id=\"11\" class=\"elementor elementor-11\" data-elementor-post-type=\"page\">\n\t\t\t\t\t\t<section class=\"elementor-section elementor-top-section elementor-element elementor-element-b3e613d elementor-section-content-middle elementor-section-boxed elementor-section-height-default elementor-section-height-default\" data-id=\"b3e613d\" data-element_type=\"section\" data-e-type=\"section\">\n\t\t\t\t\t\t<div class=\"elementor-container elementor-column-gap-default\">\n\t\t\t\t\t<div class=\"elementor-column elementor-col-50 elementor-top-column elementor-element elementor-element-8a7c2a1\" data-id=\"8a7c2a1\" data-element_type=\"column\" data-e-type=\"column\">\n\t\t\t<div class=\"elementor-widget-wrap elementor-element-populated\">\n\t\t\t\t\t\t<div class=\"elementor-element elementor-element-678f926 elementor-invisible elementor-widget elementor-widget-image\" data-id=\"678f926\" data-element_type=\"widget\" data-e-type=\"widget\" data-settings=\"{&quot;_animation&quot;:&quot;fadeInLeft&quot;}\" data-widget_type=\"image.default\">\n\t\t\t\t<div class=\"elementor-widget-container\">\n\t\t\t\t\t\t\t\t\t\t\t\t\t\t\t<img fetchpriority=\"high\" decoding=\"async\" width=\"800\" height=\"890\" src=\"https:\/\/vickycharris.com\/wp-content\/uploads\/2026\/02\/Dra.-Vicky-Charris-Invisalign.webp\" class=\"attachment-full size-full wp-image-8616\" alt=\"\" srcset=\"https:\/\/vickycharris.com\/wp-content\/uploads\/2026\/02\/Dra.-Vicky-Charris-Invisalign.webp 800w, https:\/\/vickycharris.com\/wp-content\/uploads\/2026\/02\/Dra.-Vicky-Charris-Invisalign-270x300.webp 270w, https:\/\/vickycharris.com\/wp-content\/uploads\/2026\/02\/Dra.-Vicky-Charris-Invisalign-768x854.webp 768w, https:\/\/vickycharris.com\/wp-content\/uploads\/2026\/02\/Dra.-Vicky-Charris-Invisalign-11x12.webp 11w\" sizes=\"(max-width: 800px) 100vw, 800px\" \/>\t\t\t\t\t\t\t\t\t\t\t\t\t\t\t<\/div>\n\t\t\t\t<\/div>\n\t\t\t\t\t<\/div>\n\t\t<\/div>\n\t\t\t\t<div class=\"elementor-column elementor-col-50 elementor-top-column elementor-element elementor-element-e0e8e9b elementor-invisible\" data-id=\"e0e8e9b\" data-element_type=\"column\" data-e-type=\"column\" data-settings=\"{&quot;animation&quot;:&quot;fadeInRight&quot;}\">\n\t\t\t<div class=\"elementor-widget-wrap elementor-element-populated\">\n\t\t\t\t\t\t<div class=\"elementor-element elementor-element-9f02afa elementor-invisible elementor-widget elementor-widget-heading\" data-id=\"9f02afa\" data-element_type=\"widget\" data-e-type=\"widget\" data-settings=\"{&quot;_animation&quot;:&quot;fadeInUp&quot;}\" data-widget_type=\"heading.default\">\n\t\t\t\t<div class=\"elementor-widget-container\">\n\t\t\t\t\t<h2 class=\"elementor-heading-title elementor-size-default\">Doctora Vicky Charris<\/h2>\t\t\t\t<\/div>\n\t\t\t\t<\/div>\n\t\t\t\t<div class=\"elementor-element elementor-element-05570cd elementor-invisible elementor-widget elementor-widget-text-editor\" data-id=\"05570cd\" data-element_type=\"widget\" data-e-type=\"widget\" data-settings=\"{&quot;_animation&quot;:&quot;fadeInRight&quot;,&quot;_animation_delay&quot;:400}\" data-widget_type=\"text-editor.default\">\n\t\t\t\t<div class=\"elementor-widget-container\">\n\t\t\t\t\t\t\t\t\t<p data-start=\"1187\" data-end=\"1300\"><strong data-start=\"1187\" data-end=\"1226\">Hi! I'm Dr. Vicky Charris.<\/strong><br data-start=\"1226\" data-end=\"1229\" \/><em data-start=\"1229\" data-end=\"1300\">Dentist and orthodontist in Bogota with more than 20 years of experience.<\/em><\/p><p data-start=\"1302\" data-end=\"1787\">I am a graduate of the Javeriana University of Bogota and an active member of the Colombian Society of Orthodontics, the American Association of Orthodontists and the World Federation of Orthodontists. I had the honor of being distinguished by the Javeriana University to develop research at Loma Linda University (California), and currently, as a guest lecturer in the postgraduate program of orthodontics at the University of Cartagena.<\/p>\t\t\t\t\t\t\t\t<\/div>\n\t\t\t\t<\/div>\n\t\t\t\t<div class=\"elementor-element elementor-element-3d76dd6 elementor-invisible elementor-widget elementor-widget-heading\" data-id=\"3d76dd6\" data-element_type=\"widget\" data-e-type=\"widget\" data-settings=\"{&quot;_animation&quot;:&quot;fadeInUp&quot;,&quot;_animation_delay&quot;:600}\" data-widget_type=\"heading.default\">\n\t\t\t\t<div class=\"elementor-widget-container\">\n\t\t\t\t\t<h3 class=\"elementor-heading-title elementor-size-default\">My specialty and commitment:<\/h3>\t\t\t\t<\/div>\n\t\t\t\t<\/div>\n\t\t\t\t<div class=\"elementor-element elementor-element-88a16e9 elementor-invisible elementor-widget elementor-widget-text-editor\" data-id=\"88a16e9\" data-element_type=\"widget\" data-e-type=\"widget\" data-settings=\"{&quot;_animation&quot;:&quot;fadeInRight&quot;,&quot;_animation_delay&quot;:400}\" data-widget_type=\"text-editor.default\">\n\t\t\t\t<div class=\"elementor-widget-container\">\n\t\t\t\t\t\t\t\t\t<ul><li>Internationally certified in dental aligners and <b>Invisalign Top Doctor Colombia<\/b> since 2019.<\/li><li>Comprehensive treatments: With extensive experience in aesthetic orthodontics, for surgical purposes, for management <b>of maxillofacial trauma, dento maxillofacial anomalies and orthodontics for children, backed by dozens of successful cases.<\/b>, anomal\u00edas dento <b>maxilofaciales<\/b> y en <b>ortodoncia para ni\u00f1os<\/b>, respaldada por decenas de casos exitosos.<\/li><li><b>Continuous and personalized accompaniment<\/b>, both face-to-face and virtual, to ensure optimal and lasting results.<\/li><li>Member of professional teams <b>of the most renowned specialists in prosthodontics, maxillofacial surgery and other areas.<\/b><\/li><li><span style=\"font-family: var( --e-global-typography-text-font-family ), Sans-serif; font-size: 14.4px;\">Core Curriculum in Interdisciplinary Dentistry of the University of Vienna ( VieSID)\u00a0<\/span><\/li><li>Currently, I am continuing my training as part of the <b>Therapeutics course for the management of joint problems.<\/b>.<\/li><\/ul><div>\u00a0<\/div><div><div><b>A little more about me:<\/b><\/div><div>Orthodontics is my passion, and thanks to it I have fulfilled my dream of traveling the world, getting to know new cultures and enjoying good music and dance, reflecting my Caribbean spirit. I firmly believe that every smile counts, and my mission is to help you achieve the smile you've always dreamed of, combining cutting-edge technology, experience and a human touch.<\/div><div>\u00a0<\/div><div>It will be a pleasure to meet you and accompany you on your way to a perfect smile!<\/div><\/div>\t\t\t\t\t\t\t\t<\/div>\n\t\t\t\t<\/div>\n\t\t\t\t\t<\/div>\n\t\t<\/div>\n\t\t\t\t\t<\/div>\n\t\t<\/section>\n\t\t\t\t<section class=\"elementor-section elementor-top-section elementor-element elementor-element-34772699 elementor-section-content-middle elementor-section-boxed elementor-section-height-default elementor-section-height-default\" data-id=\"34772699\" data-element_type=\"section\" data-e-type=\"section\" data-settings=\"{&quot;background_background&quot;:&quot;classic&quot;}\">\n\t\t\t\t\t\t<div class=\"elementor-container elementor-column-gap-default\">\n\t\t\t\t\t<div class=\"elementor-column elementor-col-50 elementor-top-column elementor-element elementor-element-167952b3\" data-id=\"167952b3\" data-element_type=\"column\" data-e-type=\"column\">\n\t\t\t<div class=\"elementor-widget-wrap elementor-element-populated\">\n\t\t\t\t\t\t<div class=\"elementor-element elementor-element-40b1cd32 elementor-invisible elementor-widget elementor-widget-image\" data-id=\"40b1cd32\" data-element_type=\"widget\" data-e-type=\"widget\" data-settings=\"{&quot;_animation&quot;:&quot;fadeInLeft&quot;}\" data-widget_type=\"image.default\">\n\t\t\t\t<div class=\"elementor-widget-container\">\n\t\t\t\t\t\t\t\t\t\t\t\t\t\t\t<img decoding=\"async\" src=\"https:\/\/vickycharris.com\/wp-content\/uploads\/2025\/01\/DSC0454.png\" title=\"Vicky Charris\" alt=\"Vicky Charris\" loading=\"lazy\" \/>\t\t\t\t\t\t\t\t\t\t\t\t\t\t\t<\/div>\n\t\t\t\t<\/div>\n\t\t\t\t\t<\/div>\n\t\t<\/div>\n\t\t\t\t<div class=\"elementor-column elementor-col-50 elementor-top-column elementor-element elementor-element-5ac741a2 elementor-invisible\" data-id=\"5ac741a2\" data-element_type=\"column\" data-e-type=\"column\" data-settings=\"{&quot;animation&quot;:&quot;fadeIn&quot;,&quot;animation_delay&quot;:200}\">\n\t\t\t<div class=\"elementor-widget-wrap elementor-element-populated\">\n\t\t\t\t\t\t<div class=\"elementor-element elementor-element-3ad22dcd elementor-widget elementor-widget-image\" data-id=\"3ad22dcd\" data-element_type=\"widget\" data-e-type=\"widget\" data-widget_type=\"image.default\">\n\t\t\t\t<div class=\"elementor-widget-container\">\n\t\t\t\t\t\t\t\t\t\t\t\t\t\t\t<img decoding=\"async\" width=\"800\" height=\"160\" src=\"https:\/\/vickycharris.com\/wp-content\/uploads\/2025\/01\/LOGO-VICKY-CHARRIS-4-1024x205.png\" class=\"attachment-large size-large wp-image-565\" alt=\"\" srcset=\"https:\/\/vickycharris.com\/wp-content\/uploads\/2025\/01\/LOGO-VICKY-CHARRIS-4-1024x205.png 1024w, https:\/\/vickycharris.com\/wp-content\/uploads\/2025\/01\/LOGO-VICKY-CHARRIS-4-300x60.png 300w, https:\/\/vickycharris.com\/wp-content\/uploads\/2025\/01\/LOGO-VICKY-CHARRIS-4-768x154.png 768w, https:\/\/vickycharris.com\/wp-content\/uploads\/2025\/01\/LOGO-VICKY-CHARRIS-4-1536x307.png 1536w, https:\/\/vickycharris.com\/wp-content\/uploads\/2025\/01\/LOGO-VICKY-CHARRIS-4-2048x410.png 2048w\" sizes=\"(max-width: 800px) 100vw, 800px\" \/>\t\t\t\t\t\t\t\t\t\t\t\t\t\t\t<\/div>\n\t\t\t\t<\/div>\n\t\t\t\t<div class=\"elementor-element elementor-element-4ce48b80 elementor-shape-circle elementor-grid-0 e-grid-align-center elementor-widget elementor-widget-social-icons\" data-id=\"4ce48b80\" data-element_type=\"widget\" data-e-type=\"widget\" data-widget_type=\"social-icons.default\">\n\t\t\t\t<div class=\"elementor-widget-container\">\n\t\t\t\t\t\t\t<div class=\"elementor-social-icons-wrapper elementor-grid\" role=\"list\">\n\t\t\t\t\t\t\t<span class=\"elementor-grid-item\" role=\"listitem\">\n\t\t\t\t\t<a class=\"elementor-icon elementor-social-icon elementor-social-icon-instagram elementor-repeater-item-9a4b363\" href=\"https:\/\/www.instagram.com\/vickycharris\/\" target=\"_blank\">\n\t\t\t\t\t\t<span class=\"elementor-screen-only\">Instagram<\/span>\n\t\t\t\t\t\t<i aria-hidden=\"true\" class=\"fab fa-instagram\"><\/i>\t\t\t\t\t<\/a>\n\t\t\t\t<\/span>\n\t\t\t\t\t\t\t<span class=\"elementor-grid-item\" role=\"listitem\">\n\t\t\t\t\t<a class=\"elementor-icon elementor-social-icon elementor-social-icon-tiktok elementor-repeater-item-e2a0d05\" href=\"https:\/\/www.tiktok.com\/@vicky.charrys\" target=\"_blank\">\n\t\t\t\t\t\t<span class=\"elementor-screen-only\">Tiktok<\/span>\n\t\t\t\t\t\t<i aria-hidden=\"true\" class=\"fab fa-tiktok\"><\/i>\t\t\t\t\t<\/a>\n\t\t\t\t<\/span>\n\t\t\t\t\t\t\t<span class=\"elementor-grid-item\" role=\"listitem\">\n\t\t\t\t\t<a class=\"elementor-icon elementor-social-icon elementor-social-icon-facebook elementor-repeater-item-3b640e8\" href=\"https:\/\/www.facebook.com\/Dr.VickyCharris\/\" target=\"_blank\">\n\t\t\t\t\t\t<span class=\"elementor-screen-only\">Facebook<\/span>\n\t\t\t\t\t\t<i aria-hidden=\"true\" class=\"fab fa-facebook\"><\/i>\t\t\t\t\t<\/a>\n\t\t\t\t<\/span>\n\t\t\t\t\t<\/div>\n\t\t\t\t\t\t<\/div>\n\t\t\t\t<\/div>\n\t\t\t\t<div class=\"elementor-element elementor-element-304d4dcc elementor-widget elementor-widget-heading\" data-id=\"304d4dcc\" data-element_type=\"widget\" data-e-type=\"widget\" data-widget_type=\"heading.default\">\n\t\t\t\t<div class=\"elementor-widget-container\">\n\t\t\t\t\t<h2 class=\"elementor-heading-title elementor-size-default\">Copyright 2025 Vicky Charris. All rights reserved.<\/h2>\t\t\t\t<\/div>\n\t\t\t\t<\/div>\n\t\t\t\t\t<\/div>\n\t\t<\/div>\n\t\t\t\t\t<\/div>\n\t\t<\/section>\n\t\t\t\t<\/div>","protected":false},"excerpt":{"rendered":"<p>Doctora Vicky Charris \u00a1Hola! Soy la doctora Vicky CharrisOdont\u00f3loga y ortodoncista en Bogot\u00e1 con m\u00e1s de 20 a\u00f1os de experiencia Soy egresada de la Universidad Javeriana de Bogot\u00e1 y miembro activo de la Sociedad Colombiana de Ortodoncia, la American Association of Orthodontists y el World Federation of Orthodontists. Tuve el honor de ser distinguida por [&hellip;]<\/p>\n","protected":false},"author":1,"featured_media":0,"parent":0,"menu_order":4,"comment_status":"closed","ping_status":"open","template":"","meta":{"_joinchat":[],"footnotes":""},"class_list":["post-11","page","type-page","status-publish","hentry"],"_links":{"self":[{"href":"https:\/\/vickycharris.com\/en\/wp-json\/wp\/v2\/pages\/11","targetHints":{"allow":["GET"]}}],"collection":[{"href":"https:\/\/vickycharris.com\/en\/wp-json\/wp\/v2\/pages"}],"about":[{"href":"https:\/\/vickycharris.com\/en\/wp-json\/wp\/v2\/types\/page"}],"author":[{"embeddable":true,"href":"https:\/\/vickycharris.com\/en\/wp-json\/wp\/v2\/users\/1"}],"replies":[{"embeddable":true,"href":"https:\/\/vickycharris.com\/en\/wp-json\/wp\/v2\/comments?post=11"}],"version-history":[{"count":38,"href":"https:\/\/vickycharris.com\/en\/wp-json\/wp\/v2\/pages\/11\/revisions"}],"predecessor-version":[{"id":15635,"href":"https:\/\/vickycharris.com\/en\/wp-json\/wp\/v2\/pages\/11\/revisions\/15635"}],"wp:attachment":[{"href":"https:\/\/vickycharris.com\/en\/wp-json\/wp\/v2\/media?parent=11"}],"curies":[{"name":"wp","href":"https:\/\/api.w.org\/{rel}","templated":true}]}}